{"id":76,"date":"2014-02-16T15:14:28","date_gmt":"2014-02-16T13:14:28","guid":{"rendered":"http:\/\/neu.sat-consulting.de\/?page_id=76"},"modified":"2020-08-29T12:11:17","modified_gmt":"2020-08-29T10:11:17","slug":"public-relation","status":"publish","type":"page","link":"https:\/\/www.sat-consulting.de\/?page_id=76","title":{"rendered":"Public relations"},"content":{"rendered":"<p><span style=\"color: #333333;\"><strong>Texte &#8211; Fotos &#8211; Layout &#8211; Grafik f\u00fcr:<\/strong><\/span><\/p>\n<p><span style=\"color: #333333;\">Webseiten<br \/>\nSocial Media<br \/>\nFlyer<\/span><br \/>\n<span style=\"color: #333333;\"> Brosch\u00fcren<\/span><br \/>\n<span style=\"color: #333333;\"> Prospekte<\/span><br \/>\n<span style=\"color: #333333;\">Werbe- und Imageanzeigen<\/span><br \/>\n<span style=\"color: #333333;\"> Einladungen<\/span><br \/>\n<span style=\"color: #333333;\"> Pr\u00e4sentationen<\/span><br \/>\n<span style=\"color: #333333;\"> Ver\u00f6ffentlichungen<\/span><\/p>\n","protected":false},"excerpt":{"rendered":"<p>Texte &#8211; Fotos &#8211; Layout &#8211; Grafik f\u00fcr: Webseiten Social Media Flyer Brosch\u00fcren Prospekte Werbe- und Imageanzeigen Einladungen Pr\u00e4sentationen Ver\u00f6ffentlichungen<\/p>\n","protected":false},"author":1,"featured_media":0,"parent":0,"menu_order":0,"comment_status":"closed","ping_status":"closed","template":"","meta":[],"_links":{"self":[{"href":"https:\/\/www.sat-consulting.de\/index.php?rest_route=\/wp\/v2\/pages\/76"}],"collection":[{"href":"https:\/\/www.sat-consulting.de\/index.php?rest_route=\/wp\/v2\/pages"}],"about":[{"href":"https:\/\/www.sat-consulting.de\/index.php?rest_route=\/wp\/v2\/types\/page"}],"author":[{"embeddable":true,"href":"https:\/\/www.sat-consulting.de\/index.php?rest_route=\/wp\/v2\/users\/1"}],"replies":[{"embeddable":true,"href":"https:\/\/www.sat-consulting.de\/index.php?rest_route=%2Fwp%2Fv2%2Fcomments&post=76"}],"version-history":[{"count":9,"href":"https:\/\/www.sat-consulting.de\/index.php?rest_route=\/wp\/v2\/pages\/76\/revisions"}],"predecessor-version":[{"id":293,"href":"https:\/\/www.sat-consulting.de\/index.php?rest_route=\/wp\/v2\/pages\/76\/revisions\/293"}],"wp:attachment":[{"href":"https:\/\/www.sat-consulting.de\/index.php?rest_route=%2Fwp%2Fv2%2Fmedia&parent=76"}],"curies":[{"name":"wp","href":"https:\/\/api.w.org\/{rel}","templated":true}]}}